{"id":21966,"date":"2018-10-26T10:34:09","date_gmt":"2018-10-26T08:34:09","guid":{"rendered":"https:\/\/bisa.eu\/?page_id=21966"},"modified":"2019-06-04T12:23:07","modified_gmt":"2019-06-04T10:23:07","slug":"about","status":"publish","type":"page","link":"https:\/\/bisa.eu\/it\/about\/","title":{"rendered":"About"},"content":{"rendered":"<section class=\"wpb-content-wrapper\"><p>[vc_row row_type=&#8221;row&#8221; use_row_as_full_screen_section=&#8221;no&#8221; type=&#8221;full_width&#8221; text_align=&#8221;left&#8221; background_animation=&#8221;none&#8221; css_animation=&#8221;&#8221;][vc_column width=&#8221;1\/4&#8243; css=&#8221;.vc_custom_1543255964657{padding-right: 15px !important;padding-bottom: 20px !important;padding-left: 25px !important;}&#8221;][layerslider_vc id=&#8221;3&#8243;][\/vc_column][vc_column width=&#8221;1\/2&#8243;][vc_column_text]<\/p>\n<p class=\"p1\"><span class=\"s1\"><b>Bis\u00e0<\/b> \u00e8 uno studio di architettura con sede nell&#8217;isola di Burano, fondato nel 2011.<br \/>\nI nostri progetti nascono da una lettura logica della complessit\u00e0 nel contesto urbano contemporaneo. Con la consapevolezza della portata sociale di intervenire sullo spazio abitato, ad ogni scala assumiamo le condizioni date dall\u2019incarico immaginando soluzioni architettoniche in grado di coniugarne le necessit\u00e0 spaziali, economiche e costruttive.<\/span><\/p>\n<p>&nbsp;<\/p>\n<p class=\"p3\"><span class=\"s1\"><b>Sandro Bis\u00e0<\/b>, nato a Venezia nel 1973, si \u00e8 laureato in Architettura presso TU Delft (Olanda) e ha conseguito un Dottorato in Pianificazione Territoriale presso lo IUAV Venezia.\u00a0<\/span><span class=\"s1\">Prima di aprire lo studio Bis\u00e0 nel 2011, dal 2004 \u00e8 stato socio di Limesland, studio di pianificazione con sede a Berlino (Germania), con il quale ha promosso e seguito una serie progetti a scala territoriale, in particolare nell\u2019ambito dell\u2019area vasto della Laguna di Venezia. Parallelamente all\u2019attivit\u00e0 professionale, \u00e8 stato professore a contratto presso la facolt\u00e0 di Architettura di TUDelft, e visiting professor presso la facolt\u00e0 di Architettura dell\u2019Universit\u00e0 di Arti e Scienze di Aleppo (Siria).<\/span><\/p>\n<div class=\"\">\n<div class=\"\">\n<p>&nbsp;<\/p>\n<\/div>\n<\/div>\n<p>&nbsp;<\/p>\n<div class=\"accordion\">\n<div class=\"accordion-section\">\n<p><span style=\"color: #000000;\"><a class=\"accordion-section-title\" style=\"text-decoration: underline; color: #000000;\" href=\"#accordion-4\">TEAM<\/a><\/span><\/p>\n<div id=\"accordion-4\" class=\"accordion-section-content\">\n<p>&nbsp;<\/p>\n<p class=\"p1\"><span style=\"color: #000000;\">Sandro Bis\u00e0<\/span><\/p>\n<p class=\"p1\"><span style=\"color: #000000;\">Silvia Lupi<\/span><\/p>\n<p class=\"p1\"><span style=\"color: #000000;\">Pietro Salamone<\/span><\/p>\n<p class=\"p1\"><span style=\"color: #000000;\">Anna Scorretti<\/span><\/p>\n<p class=\"p1\"><span style=\"color: #000000;\">Margherita Muzzi<\/span><\/p>\n<p class=\"p1\"><span style=\"color: #000000;\">Alvise Frasson<\/span><\/p>\n<p>&nbsp;<\/p>\n<\/div>\n<\/div>\n<\/div>\n<div class=\"accordion\">\n<div class=\"accordion-section\">\n<p><span style=\"color: #000000;\"><a class=\"accordion-section-title\" style=\"text-decoration: underline; color: #000000;\" href=\"#accordion-2\">CONTACTS<\/a><\/span><\/p>\n<div id=\"accordion-2\" class=\"accordion-section-content\">\n<p>&nbsp;<\/p>\n<p><span style=\"color: #000000;\"><strong>mail us\u00a0 &gt;\u00a0\u00a0<\/strong><a style=\"color: #000000;\" href=\"mailto:info@bisa.eu\"><strong>info@bisa.eu<\/strong><\/a><\/span><\/p>\n<p>&nbsp;<\/p>\n<p class=\"p1\"><span style=\"color: #000000;\"><strong>lagoon office\u00a0 &gt;\u00a0\u00a0<a style=\"color: #000000;\" href=\"https:\/\/www.google.it\/maps\/place\/bisa+associati\/@45.4856478,12.4174695,17.24z\/data=!4m5!3m4!1s0x0:0x876dcfb7ea322d28!8m2!3d45.48547!4d12.417571\">MAP<\/a><\/strong><\/span><\/p>\n<p class=\"p1\"><span style=\"color: #000000;\">San Martino Sinistro 872, Burano Island &#8211; Venice (IT)<\/span><\/p>\n<p class=\"p1\"><span style=\"color: #000000;\"><a style=\"color: #000000;\" href=\"tel:041735032\">+39 041 735032<\/a> <\/span><\/p>\n<p>&nbsp;<\/p>\n<p class=\"p1\"><span style=\"color: #000000;\"><strong>land office\u00a0 &gt;\u00a0\u00a0<a style=\"color: #000000;\" href=\"https:\/\/goo.gl\/maps\/4nR9jSHQxLS2\">MAP<\/a><\/strong><\/span><\/p>\n<p class=\"p1\"><span style=\"color: #000000;\">Rampa Cavalcavia 1, Mestre &#8211; Venice (IT)<\/span><\/p>\n<p class=\"p1\"><span style=\"color: #000000;\"><a style=\"color: #000000;\" href=\"tel:0414768200\">+39 041 4768200<\/a>\u00a0<\/span><\/p>\n<\/div>\n<\/div>\n<div class=\"accordion-section\">\n<div id=\"accordion-2\" class=\"accordion-section-content\">\n<p>&nbsp;<\/p>\n<\/div>\n<\/div>\n<\/div>\n<div class=\"accordion\">\n<div class=\"accordion-section\">\n<p><span style=\"color: #000000;\"><a class=\"accordion-section-title\" style=\"text-decoration: underline; color: #000000;\" href=\"#accordion-1\">JOBS<\/a><\/span><\/p>\n<div id=\"accordion-1\" class=\"accordion-section-content\">\n<p>Ci fa sempre piacere conoscere potenziali candidati a unirsi al nostro studio. Se siete interessati a proporre una collaborazione, si prega di inviare un CV e il portfolio del vostri lavori a\u00a0<a href=\"mailto:jobs@bisa.eu\">jobs@bisa.eu<\/a>\u00a0(max 5mb).<\/p>\n<p>Bis\u00e0 \u00e8 uno studio che garantisce le pari opportunit\u00e0.<\/p>\n<p>&nbsp;<\/p>\n<\/div>\n<\/div>\n<\/div>\n<div class=\"accordion\">\n<div class=\"accordion-section\">\n<p><span style=\"color: #000000;\"><a class=\"accordion-section-title\" style=\"text-decoration: underline; color: #000000;\" href=\"#accordion-3\">COMPANY DETAILS<\/a><\/span><\/p>\n<div id=\"accordion-3\" class=\"accordion-section-content\">\n<p>&nbsp;<\/p>\n<p class=\"p1\"><span style=\"color: #000000;\"><strong>Bisa associati &#8211;\u00a0<\/strong>attorney Sandro Bis\u00e0<\/span><\/p>\n<p>&nbsp;<\/p>\n<p class=\"p1\"><span style=\"color: #000000;\"><strong>Registered office:<\/strong><\/span><\/p>\n<p class=\"p1\"><span style=\"color: #000000;\">San Martino Sinistro 872,\u00a0<\/span><span style=\"color: #000000;\">30142 Venezia (Italy)<\/span><\/p>\n<p>&nbsp;<\/p>\n<p class=\"p1\"><span style=\"color: #000000;\"><strong>VAT number:<\/strong><\/span><\/p>\n<p class=\"p1\"><span style=\"color: #000000;\">IT04293730273<\/span><\/p>\n<p>&nbsp;<\/p>\n<p class=\"p1\"><span style=\"color: #000000;\"><strong>Certified e-mail (PEC):<\/strong><\/span><\/p>\n<p class=\"p1\"><span style=\"color: #000000;\">bisaassociati@pec.it<\/span><\/p>\n<p>&nbsp;<\/p>\n<p class=\"p1\"><span style=\"color: #000000;\"><strong><strong class=\"\">Architects register and social security<\/strong>:<\/strong><\/span><\/p>\n<p class=\"p1\"><span style=\"color: #000000;\">Ordine VE 4676 &#8211; Inarcassa\u00a0890032E4676<\/span><\/p>\n<p>&nbsp;<\/p>\n<p class=\"p1\"><span style=\"color: #000000;\"><strong>Professional liability:<\/strong><\/span><\/p>\n<p class=\"p1\"><span style=\"color: #000000;\">PI-20553218J2 \u2013 Arch Insurance Company Ltd<\/span><\/p>\n<p class=\"p1\">\n<\/div>\n<\/div>\n<\/div>\n<p>[\/vc_column_text][\/vc_column][vc_column width=&#8221;1\/4&#8243;][\/vc_column][\/vc_row]<\/p>\n<\/section>","protected":false},"excerpt":{"rendered":"<p>[vc_row row_type=&#8221;row&#8221; use_row_as_full_screen_section=&#8221;no&#8221; type=&#8221;full_width&#8221; text_align=&#8221;left&#8221; background_animation=&#8221;none&#8221; css_animation=&#8221;&#8221;][vc_column width=&#8221;1\/4&#8243; css=&#8221;.vc_custom_1543255964657{padding-right: 15px !important;padding-bottom: 20px !important;padding-left: 25px !important;}&#8221;][layerslider_vc id=&#8221;3&#8243;][\/vc_column][vc_column width=&#8221;1\/2&#8243;][vc_column_text] Bis\u00e0 \u00e8 uno studio di architettura con sede nell&#8217;isola di Burano, fondato nel 2011. I nostri progetti nascono da una lettura logica della complessit\u00e0 nel contesto urbano contemporaneo&#8230;.<\/p>\n","protected":false},"author":1,"featured_media":0,"parent":0,"menu_order":0,"comment_status":"closed","ping_status":"closed","template":"","meta":{"_mi_skip_tracking":false,"_exactmetrics_sitenote_active":false,"_exactmetrics_sitenote_note":"","_exactmetrics_sitenote_category":0},"_links":{"self":[{"href":"https:\/\/bisa.eu\/it\/wp-json\/wp\/v2\/pages\/21966"}],"collection":[{"href":"https:\/\/bisa.eu\/it\/wp-json\/wp\/v2\/pages"}],"about":[{"href":"https:\/\/bisa.eu\/it\/wp-json\/wp\/v2\/types\/page"}],"author":[{"embeddable":true,"href":"https:\/\/bisa.eu\/it\/wp-json\/wp\/v2\/users\/1"}],"replies":[{"embeddable":true,"href":"https:\/\/bisa.eu\/it\/wp-json\/wp\/v2\/comments?post=21966"}],"version-history":[{"count":45,"href":"https:\/\/bisa.eu\/it\/wp-json\/wp\/v2\/pages\/21966\/revisions"}],"predecessor-version":[{"id":22413,"href":"https:\/\/bisa.eu\/it\/wp-json\/wp\/v2\/pages\/21966\/revisions\/22413"}],"wp:attachment":[{"href":"https:\/\/bisa.eu\/it\/wp-json\/wp\/v2\/media?parent=21966"}],"curies":[{"name":"wp","href":"https:\/\/api.w.org\/{rel}","templated":true}]}}